{"id":137,"date":"2026-01-20T22:13:57","date_gmt":"2026-01-20T22:13:57","guid":{"rendered":"https:\/\/jcarlosmendoza.com\/?page_id=137"},"modified":"2026-01-20T22:57:51","modified_gmt":"2026-01-20T22:57:51","slug":"terminos-y-condiciones","status":"publish","type":"page","link":"https:\/\/jcarlosmendoza.com\/en\/terminos-y-condiciones\/","title":{"rendered":"T\u00e9rminos y condiciones"},"content":{"rendered":"<div data-elementor-type=\"wp-page\" data-elementor-id=\"137\" class=\"elementor elementor-137\" data-elementor-post-type=\"page\">\n\t\t\t\t<div class=\"elementor-element elementor-element-3f789e7 e-con-full e-flex e-con e-parent\" data-id=\"3f789e7\" data-element_type=\"container\" data-e-type=\"container\" data-settings=\"{&quot;background_background&quot;:&quot;classic&quot;}\">\n\t\t\t\t<div class=\"elementor-element elementor-element-1a6028a elementor-widget elementor-widget-spacer\" data-id=\"1a6028a\" data-element_type=\"widget\" data-e-type=\"widget\" data-widget_type=\"spacer.default\">\n\t\t\t\t\t\t\t<div class=\"elementor-spacer\">\n\t\t\t<div class=\"elementor-spacer-inner\"><\/div>\n\t\t<\/div>\n\t\t\t\t\t\t<\/div>\n\t\t\t\t<div class=\"elementor-element elementor-element-359598a elementor-widget elementor-widget-heading\" data-id=\"359598a\" data-element_type=\"widget\" data-e-type=\"widget\" data-widget_type=\"heading.default\">\n\t\t\t\t\t<h1 class=\"elementor-heading-title elementor-size-default\">T\u00e9rminos y Condiciones<\/h1>\t\t\t\t<\/div>\n\t\t<div class=\"elementor-element elementor-element-0a2fb9d e-flex e-con-boxed e-con e-child\" data-id=\"0a2fb9d\" data-element_type=\"container\" data-e-type=\"container\" data-settings=\"{&quot;background_background&quot;:&quot;classic&quot;}\">\n\t\t\t\t\t<div class=\"e-con-inner\">\n\t\t\t\t<div class=\"elementor-element elementor-element-f3c7e34 elementor-widget elementor-widget-spacer\" data-id=\"f3c7e34\" data-element_type=\"widget\" data-e-type=\"widget\" data-widget_type=\"spacer.default\">\n\t\t\t\t\t\t\t<div class=\"elementor-spacer\">\n\t\t\t<div class=\"elementor-spacer-inner\"><\/div>\n\t\t<\/div>\n\t\t\t\t\t\t<\/div>\n\t\t\t\t<div class=\"elementor-element elementor-element-00591bb elementor-widget elementor-widget-text-editor\" data-id=\"00591bb\" data-element_type=\"widget\" data-e-type=\"widget\" data-widget_type=\"text-editor.default\">\n\t\t\t\t\t\t\t\t\t<p data-start=\"3848\" data-end=\"3880\"><strong data-start=\"3848\" data-end=\"3873\">\u00daltima actualizaci\u00f3n:<\/strong> 2026<\/p><p data-start=\"3882\" data-end=\"3982\">El acceso y uso de este sitio web implica la <strong data-start=\"3927\" data-end=\"3981\">aceptaci\u00f3n de los presentes T\u00e9rminos y Condiciones<\/strong>.<\/p><h3 data-start=\"3989\" data-end=\"4003\"><strong data-start=\"3993\" data-end=\"4003\">Objeto<\/strong><\/h3><p data-start=\"4004\" data-end=\"4137\">Este sitio web tiene como finalidad presentar los <strong data-start=\"4054\" data-end=\"4091\">servicios profesionales ofrecidos<\/strong> y permitir el contacto con posibles clientes.<\/p><h3 data-start=\"4144\" data-end=\"4165\"><strong data-start=\"4148\" data-end=\"4165\">Uso del sitio<\/strong><\/h3><p data-start=\"4166\" data-end=\"4313\">El usuario se compromete a utilizar el sitio de forma <strong data-start=\"4220\" data-end=\"4230\">l\u00edcita<\/strong> y a no realizar acciones que puedan da\u00f1ar el contenido o funcionamiento del mismo.<\/p><h3 data-start=\"4320\" data-end=\"4352\"><strong data-start=\"4324\" data-end=\"4352\">Servicios y cotizaciones<\/strong><\/h3><p data-start=\"4353\" data-end=\"4561\">Los servicios mostrados en el sitio son de car\u00e1cter <strong data-start=\"4405\" data-end=\"4420\">informativo<\/strong>.<br data-start=\"4421\" data-end=\"4424\" \/>Las cotizaciones se realizan de forma personalizada y <strong data-start=\"4478\" data-end=\"4523\">no constituyen una obligaci\u00f3n contractual<\/strong> hasta ser aceptadas por ambas partes.<\/p><p data-start=\"4563\" data-end=\"4633\">Actualmente, <strong data-start=\"4576\" data-end=\"4609\">no se realizan pagos en l\u00ednea<\/strong> a trav\u00e9s del sitio web.<\/p><h3 data-start=\"4640\" data-end=\"4669\"><strong data-start=\"4644\" data-end=\"4669\">Propiedad intelectual<\/strong><\/h3><p data-start=\"4670\" data-end=\"4825\">Todo el contenido del sitio web, incluyendo <strong data-start=\"4714\" data-end=\"4753\">textos, dise\u00f1o y elementos gr\u00e1ficos<\/strong>, es propiedad de jcarlosmendoza.com, salvo que se indique lo contrario.<\/p><h3 data-start=\"4832\" data-end=\"4855\"><strong data-start=\"4836\" data-end=\"4855\">Responsabilidad<\/strong><\/h3><p data-start=\"4856\" data-end=\"4973\">jcarlosmendoza.com no se hace responsable del uso que los usuarios hagan de la informaci\u00f3n publicada en el sitio web.<\/p><h3 data-start=\"4980\" data-end=\"5009\"><strong data-start=\"4984\" data-end=\"5009\">Legislaci\u00f3n aplicable<\/strong><\/h3><p data-start=\"5010\" data-end=\"5098\">Estos T\u00e9rminos y Condiciones se rigen por las <strong data-start=\"5056\" data-end=\"5097\">leyes de los Estados Unidos Mexicanos<\/strong>.<\/p><h3 data-start=\"5105\" data-end=\"5121\"><strong data-start=\"5109\" data-end=\"5121\">Contacto<\/strong><\/h3><p data-start=\"5122\" data-end=\"5233\">Para cualquier duda relacionada con estos T\u00e9rminos y Condiciones, puede escribir a:<br data-start=\"5205\" data-end=\"5208\" \/><em data-start=\"5208\" data-end=\"5233\"><a class=\"decorated-link cursor-pointer\" rel=\"noopener\" data-start=\"5209\" data-end=\"5232\">hola@jcarlosmendoza.com<\/a><\/em><\/p>\t\t\t\t\t\t\t\t<\/div>\n\t\t\t\t\t<\/div>\n\t\t\t\t<\/div>\n\t\t\t\t<div class=\"elementor-element elementor-element-a07c36a elementor-widget elementor-widget-spacer\" data-id=\"a07c36a\" data-element_type=\"widget\" data-e-type=\"widget\" data-widget_type=\"spacer.default\">\n\t\t\t\t\t\t\t<div class=\"elementor-spacer\">\n\t\t\t<div class=\"elementor-spacer-inner\"><\/div>\n\t\t<\/div>\n\t\t\t\t\t\t<\/div>\n\t\t\t\t<\/div>\n\t\t\t\t<\/div>","protected":false},"excerpt":{"rendered":"<p>T\u00e9rminos y Condiciones \u00daltima actualizaci\u00f3n: 2026 El acceso y uso de este sitio web implica la aceptaci\u00f3n de los presentes T\u00e9rminos y Condiciones. Objeto Este sitio web tiene como finalidad presentar los servicios profesionales ofrecidos y permitir el contacto con posibles clientes. Uso del sitio El usuario se compromete a utilizar el sitio de forma [&hellip;]<\/p>\n","protected":false},"author":1,"featured_media":0,"parent":0,"menu_order":0,"comment_status":"closed","ping_status":"closed","template":"elementor_header_footer","meta":{"_acf_changed":false,"footnotes":""},"proyecto":[],"class_list":["post-137","page","type-page","status-publish","hentry"],"acf":[],"_hostinger_reach_plugin_has_subscription_block":false,"_hostinger_reach_plugin_is_elementor":false,"_links":{"self":[{"href":"https:\/\/jcarlosmendoza.com\/en\/wp-json\/wp\/v2\/pages\/137","targetHints":{"allow":["GET"]}}],"collection":[{"href":"https:\/\/jcarlosmendoza.com\/en\/wp-json\/wp\/v2\/pages"}],"about":[{"href":"https:\/\/jcarlosmendoza.com\/en\/wp-json\/wp\/v2\/types\/page"}],"author":[{"embeddable":true,"href":"https:\/\/jcarlosmendoza.com\/en\/wp-json\/wp\/v2\/users\/1"}],"replies":[{"embeddable":true,"href":"https:\/\/jcarlosmendoza.com\/en\/wp-json\/wp\/v2\/comments?post=137"}],"version-history":[{"count":4,"href":"https:\/\/jcarlosmendoza.com\/en\/wp-json\/wp\/v2\/pages\/137\/revisions"}],"predecessor-version":[{"id":239,"href":"https:\/\/jcarlosmendoza.com\/en\/wp-json\/wp\/v2\/pages\/137\/revisions\/239"}],"wp:attachment":[{"href":"https:\/\/jcarlosmendoza.com\/en\/wp-json\/wp\/v2\/media?parent=137"}],"wp:term":[{"taxonomy":"proyecto","embeddable":true,"href":"https:\/\/jcarlosmendoza.com\/en\/wp-json\/wp\/v2\/proyecto?post=137"}],"curies":[{"name":"wp","href":"https:\/\/api.w.org\/{rel}","templated":true}]}}