{"id":133,"date":"2026-01-20T22:12:02","date_gmt":"2026-01-20T22:12:02","guid":{"rendered":"https:\/\/jcarlosmendoza.com\/?page_id=133"},"modified":"2026-01-20T23:12:59","modified_gmt":"2026-01-20T23:12:59","slug":"politica-de-privacidad","status":"publish","type":"page","link":"https:\/\/jcarlosmendoza.com\/en\/politica-de-privacidad\/","title":{"rendered":"Pol\u00edtica de privacidad"},"content":{"rendered":"<div data-elementor-type=\"wp-page\" data-elementor-id=\"133\" class=\"elementor elementor-133\" data-elementor-post-type=\"page\">\n\t\t\t\t<div class=\"elementor-element elementor-element-2ffc3e4 e-con-full e-flex e-con e-parent\" data-id=\"2ffc3e4\" data-element_type=\"container\" data-e-type=\"container\" data-settings=\"{&quot;background_background&quot;:&quot;classic&quot;}\">\n\t\t\t\t<div class=\"elementor-element elementor-element-f6bf0b0 elementor-widget elementor-widget-spacer\" data-id=\"f6bf0b0\" data-element_type=\"widget\" data-e-type=\"widget\" data-widget_type=\"spacer.default\">\n\t\t\t\t\t\t\t<div class=\"elementor-spacer\">\n\t\t\t<div class=\"elementor-spacer-inner\"><\/div>\n\t\t<\/div>\n\t\t\t\t\t\t<\/div>\n\t\t\t\t<div class=\"elementor-element elementor-element-aab356c elementor-widget elementor-widget-heading\" data-id=\"aab356c\" data-element_type=\"widget\" data-e-type=\"widget\" data-widget_type=\"heading.default\">\n\t\t\t\t\t<h1 class=\"elementor-heading-title elementor-size-default\">Pol\u00edtica de privacidad<\/h1>\t\t\t\t<\/div>\n\t\t<div class=\"elementor-element elementor-element-0f33844 e-flex e-con-boxed e-con e-child\" data-id=\"0f33844\" data-element_type=\"container\" data-e-type=\"container\" data-settings=\"{&quot;background_background&quot;:&quot;classic&quot;}\">\n\t\t\t\t\t<div class=\"e-con-inner\">\n\t\t\t\t<div class=\"elementor-element elementor-element-a5e69d2 elementor-widget elementor-widget-spacer\" data-id=\"a5e69d2\" data-element_type=\"widget\" data-e-type=\"widget\" data-widget_type=\"spacer.default\">\n\t\t\t\t\t\t\t<div class=\"elementor-spacer\">\n\t\t\t<div class=\"elementor-spacer-inner\"><\/div>\n\t\t<\/div>\n\t\t\t\t\t\t<\/div>\n\t\t\t\t<div class=\"elementor-element elementor-element-fe43ca1 elementor-widget elementor-widget-text-editor\" data-id=\"fe43ca1\" data-element_type=\"widget\" data-e-type=\"widget\" data-widget_type=\"text-editor.default\">\n\t\t\t\t\t\t\t\t\t<p data-start=\"263\" data-end=\"295\"><strong data-start=\"263\" data-end=\"288\">\u00daltima actualizaci\u00f3n:<\/strong> 2026<\/p><p data-start=\"297\" data-end=\"627\">En <strong data-start=\"300\" data-end=\"322\">jcarlosmendoza.com<\/strong>, la privacidad de los usuarios es importante. Esta <strong data-start=\"374\" data-end=\"400\">Pol\u00edtica de Privacidad<\/strong> describe c\u00f3mo se recopilan, utilizan y protegen los datos personales proporcionados a trav\u00e9s de este sitio web, de conformidad con la <strong data-start=\"535\" data-end=\"626\">Ley Federal de Protecci\u00f3n de Datos Personales en Posesi\u00f3n de los Particulares (LFPDPPP)<\/strong>.<\/p><hr data-start=\"629\" data-end=\"632\" \/><h3 data-start=\"634\" data-end=\"682\"><strong data-start=\"638\" data-end=\"682\">Responsable del tratamiento de los datos<\/strong><\/h3><p data-start=\"683\" data-end=\"851\"><strong data-start=\"683\" data-end=\"704\">Nombre comercial:<\/strong> jcarlosmendoza.com<br data-start=\"799\" data-end=\"802\" \/><strong data-start=\"802\" data-end=\"825\">Correo de contacto:<\/strong> <em data-start=\"826\" data-end=\"851\"><a class=\"decorated-link cursor-pointer\" rel=\"noopener\" data-start=\"827\" data-end=\"850\">hola@jcarlosmendoza.com<\/a><\/em><\/p><hr data-start=\"853\" data-end=\"856\" \/><h3 data-start=\"858\" data-end=\"899\"><strong data-start=\"862\" data-end=\"899\">Datos personales que se recopilan<\/strong><\/h3><p data-start=\"900\" data-end=\"1134\">A trav\u00e9s del sitio web se recopilan los siguientes datos personales:<br data-start=\"968\" data-end=\"971\" \/><strong data-start=\"971\" data-end=\"1030\">Nombre, Apellido, Correo electr\u00f3nico, URL del sitio web<\/strong>, as\u00ed como la informaci\u00f3n proporcionada en los campos <em data-start=\"1084\" data-end=\"1105\">\u201c\u00bfEn qu\u00e9 te ayudo?\u201d<\/em> y <em data-start=\"1108\" data-end=\"1133\">\u201cCu\u00e9ntanos un poco m\u00e1s\u201d<\/em>.<\/p><p data-start=\"1136\" data-end=\"1244\">Asimismo, se pueden recopilar <strong data-start=\"1166\" data-end=\"1184\">datos t\u00e9cnicos<\/strong> como direcci\u00f3n IP, tipo de navegador y datos de navegaci\u00f3n.<\/p><hr data-start=\"1246\" data-end=\"1249\" \/><h3 data-start=\"1251\" data-end=\"1286\"><strong data-start=\"1255\" data-end=\"1286\">C\u00f3mo se recopilan los datos<\/strong><\/h3><p data-start=\"1287\" data-end=\"1330\">Los datos personales se recopilan mediante:<\/p><ul data-start=\"1331\" data-end=\"1434\"><li data-start=\"1331\" data-end=\"1358\"><p data-start=\"1333\" data-end=\"1358\">Formularios de contacto<\/p><\/li><li data-start=\"1359\" data-end=\"1398\"><p data-start=\"1361\" data-end=\"1398\">Comunicaci\u00f3n por correo electr\u00f3nico<\/p><\/li><li data-start=\"1399\" data-end=\"1434\"><p data-start=\"1401\" data-end=\"1434\">Cookies y tecnolog\u00edas similares<\/p><\/li><\/ul><hr data-start=\"1436\" data-end=\"1439\" \/><h3 data-start=\"1441\" data-end=\"1479\"><strong data-start=\"1445\" data-end=\"1479\">Finalidad del uso de los datos<\/strong><\/h3><p data-start=\"1480\" data-end=\"1518\">Los datos personales se utilizan para:<\/p><ul data-start=\"1519\" data-end=\"1775\"><li data-start=\"1519\" data-end=\"1569\"><p data-start=\"1521\" data-end=\"1569\">Responder solicitudes de contacto o cotizaci\u00f3n<\/p><\/li><li data-start=\"1570\" data-end=\"1628\"><p data-start=\"1572\" data-end=\"1628\">Proporcionar informaci\u00f3n sobre los servicios ofrecidos<\/p><\/li><li data-start=\"1629\" data-end=\"1668\"><p data-start=\"1631\" data-end=\"1668\">Dar seguimiento a mensajes enviados<\/p><\/li><li data-start=\"1669\" data-end=\"1709\"><p data-start=\"1671\" data-end=\"1709\">Mejorar la experiencia del sitio web<\/p><\/li><li data-start=\"1710\" data-end=\"1775\"><p data-start=\"1712\" data-end=\"1775\">Realizar an\u00e1lisis estad\u00edstico y acciones de marketing digital<\/p><\/li><\/ul><p data-start=\"1777\" data-end=\"1862\">Los datos <strong data-start=\"1787\" data-end=\"1824\">no se venden, rentan ni comparten<\/strong> con terceros, salvo obligaci\u00f3n legal.<\/p><hr data-start=\"1864\" data-end=\"1867\" \/><h3 data-start=\"1869\" data-end=\"1896\"><strong data-start=\"1873\" data-end=\"1896\">Servicios ofrecidos<\/strong><\/h3><ul data-start=\"1897\" data-end=\"1973\"><li data-start=\"1897\" data-end=\"1911\"><p data-start=\"1899\" data-end=\"1911\">P\u00e1gina web<\/p><\/li><li data-start=\"1912\" data-end=\"1928\"><p data-start=\"1914\" data-end=\"1928\">Landing page<\/p><\/li><li data-start=\"1929\" data-end=\"1943\"><p data-start=\"1931\" data-end=\"1943\">E-Commerce<\/p><\/li><li data-start=\"1944\" data-end=\"1951\"><p data-start=\"1946\" data-end=\"1951\">SEO<\/p><\/li><li data-start=\"1952\" data-end=\"1973\"><p data-start=\"1954\" data-end=\"1973\">Mantenimiento web<\/p><\/li><\/ul><hr data-start=\"1975\" data-end=\"1978\" \/><h3 data-start=\"1980\" data-end=\"2002\"><strong data-start=\"1984\" data-end=\"2002\">Uso de cookies<\/strong><\/h3><p data-start=\"2003\" data-end=\"2204\">Este sitio web utiliza cookies propias y de terceros, incluyendo <strong data-start=\"2068\" data-end=\"2142\">Google Analytics, Google Tag Manager, Meta\/Facebook Pixel y Google Ads<\/strong>.<br data-start=\"2143\" data-end=\"2146\" \/>Para m\u00e1s informaci\u00f3n, consulte la <strong data-start=\"2180\" data-end=\"2203\">Pol\u00edtica de Cookies<\/strong>.<\/p><hr data-start=\"2206\" data-end=\"2209\" \/><h3 data-start=\"2211\" data-end=\"2232\"><strong data-start=\"2215\" data-end=\"2232\">Derechos ARCO<\/strong><\/h3><p data-start=\"2233\" data-end=\"2432\">El usuario tiene derecho a <strong data-start=\"2260\" data-end=\"2304\">acceder, rectificar, cancelar u oponerse<\/strong> al uso de sus datos personales.<br data-start=\"2336\" data-end=\"2339\" \/>Para ejercer estos derechos puede enviar una solicitud al correo:<br data-start=\"2404\" data-end=\"2407\" \/><em data-start=\"2407\" data-end=\"2432\"><a class=\"decorated-link cursor-pointer\" rel=\"noopener\" data-start=\"2408\" data-end=\"2431\">hola@jcarlosmendoza.com<\/a><\/em><\/p><hr data-start=\"2434\" data-end=\"2437\" \/><h3 data-start=\"2439\" data-end=\"2472\"><strong data-start=\"2443\" data-end=\"2472\">Conservaci\u00f3n de los datos<\/strong><\/h3><p data-start=\"2473\" data-end=\"2591\">Los datos personales se conservar\u00e1n \u00fanicamente durante el tiempo necesario para cumplir con las finalidades descritas.<\/p><hr data-start=\"2593\" data-end=\"2596\" \/><h3 data-start=\"2598\" data-end=\"2629\"><strong data-start=\"2602\" data-end=\"2629\">Cambios a esta pol\u00edtica<\/strong><\/h3><p data-start=\"2630\" data-end=\"2748\">Esta Pol\u00edtica de Privacidad puede actualizarse en cualquier momento. Las modificaciones se publicar\u00e1n en esta secci\u00f3n.<\/p>\t\t\t\t\t\t\t\t<\/div>\n\t\t\t\t\t<\/div>\n\t\t\t\t<\/div>\n\t\t\t\t<div class=\"elementor-element elementor-element-ad5e979 elementor-widget elementor-widget-spacer\" data-id=\"ad5e979\" data-element_type=\"widget\" data-e-type=\"widget\" data-widget_type=\"spacer.default\">\n\t\t\t\t\t\t\t<div class=\"elementor-spacer\">\n\t\t\t<div class=\"elementor-spacer-inner\"><\/div>\n\t\t<\/div>\n\t\t\t\t\t\t<\/div>\n\t\t\t\t<\/div>\n\t\t\t\t<\/div>","protected":false},"excerpt":{"rendered":"<p>Pol\u00edtica de privacidad \u00daltima actualizaci\u00f3n: 2026 En jcarlosmendoza.com, la privacidad de los usuarios es importante. Esta Pol\u00edtica de Privacidad describe c\u00f3mo se recopilan, utilizan y protegen los datos personales proporcionados a trav\u00e9s de este sitio web, de conformidad con la Ley Federal de Protecci\u00f3n de Datos Personales en Posesi\u00f3n de los Particulares (LFPDPPP). Responsable del [&hellip;]<\/p>\n","protected":false},"author":1,"featured_media":0,"parent":0,"menu_order":0,"comment_status":"closed","ping_status":"closed","template":"elementor_header_footer","meta":{"_acf_changed":false,"footnotes":""},"proyecto":[],"class_list":["post-133","page","type-page","status-publish","hentry"],"acf":[],"_hostinger_reach_plugin_has_subscription_block":false,"_hostinger_reach_plugin_is_elementor":false,"_links":{"self":[{"href":"https:\/\/jcarlosmendoza.com\/en\/wp-json\/wp\/v2\/pages\/133","targetHints":{"allow":["GET"]}}],"collection":[{"href":"https:\/\/jcarlosmendoza.com\/en\/wp-json\/wp\/v2\/pages"}],"about":[{"href":"https:\/\/jcarlosmendoza.com\/en\/wp-json\/wp\/v2\/types\/page"}],"author":[{"embeddable":true,"href":"https:\/\/jcarlosmendoza.com\/en\/wp-json\/wp\/v2\/users\/1"}],"replies":[{"embeddable":true,"href":"https:\/\/jcarlosmendoza.com\/en\/wp-json\/wp\/v2\/comments?post=133"}],"version-history":[{"count":95,"href":"https:\/\/jcarlosmendoza.com\/en\/wp-json\/wp\/v2\/pages\/133\/revisions"}],"predecessor-version":[{"id":259,"href":"https:\/\/jcarlosmendoza.com\/en\/wp-json\/wp\/v2\/pages\/133\/revisions\/259"}],"wp:attachment":[{"href":"https:\/\/jcarlosmendoza.com\/en\/wp-json\/wp\/v2\/media?parent=133"}],"wp:term":[{"taxonomy":"proyecto","embeddable":true,"href":"https:\/\/jcarlosmendoza.com\/en\/wp-json\/wp\/v2\/proyecto?post=133"}],"curies":[{"name":"wp","href":"https:\/\/api.w.org\/{rel}","templated":true}]}}